{"id":674,"date":"2017-04-05T18:56:07","date_gmt":"2017-04-05T18:56:07","guid":{"rendered":"http:\/\/jpmontagem.com.br\/novo\/?page_id=674"},"modified":"2018-10-17T14:32:06","modified_gmt":"2018-10-17T14:32:06","slug":"home-1","status":"publish","type":"page","link":"http:\/\/jpmontagem.com.br\/novo\/","title":{"rendered":"Home"},"content":{"rendered":"<p>[vc_row full_width=&#8221;stretch_row_content_no_spaces&#8221; css=&#8221;.vc_custom_1536255775509{margin-top: -60px !important;}&#8221;][vc_column][vc_column_text]<link href=\"http:\/\/fonts.googleapis.com\/css?family=Montserrat:700\" rel=\"stylesheet\" property=\"stylesheet\" type=\"text\/css\" media=\"all\">\n<div id=\"rev_slider_1_1_wrapper\" class=\"rev_slider_wrapper fullwidthbanner-container\" data-source=\"gallery\" style=\"margin:0px auto;background:transparent;padding:0px;margin-top:0px;margin-bottom:0px;\">\n<!-- START REVOLUTION SLIDER 5.4.8 fullwidth mode -->\n\t<div id=\"rev_slider_1_1\" class=\"rev_slider fullwidthabanner\" style=\"display:none;\" data-version=\"5.4.8\">\n<ul>\t<!-- SLIDE  -->\n\t<li data-index=\"rs-1\" data-transition=\"slideoverleft\" data-slotamount=\"default\" data-hideafterloop=\"0\" data-hideslideonmobile=\"off\"  data-easein=\"default\" data-easeout=\"default\" data-masterspeed=\"default\"  data-thumb=\"http:\/\/jpmontagem.com.br\/novo\/wp-content\/uploads\/2018\/09\/montagem-e-manuten\u00e7\u00e3o-industrial-100x50.jpg\"  data-rotate=\"0\"  data-saveperformance=\"off\"  data-title=\"Slide\" data-param1=\"\" data-param2=\"\" data-param3=\"\" data-param4=\"\" data-param5=\"\" data-param6=\"\" data-param7=\"\" data-param8=\"\" data-param9=\"\" data-param10=\"\" data-description=\"\">\n\t\t<!-- MAIN IMAGE -->\n\t\t<img src=\"http:\/\/jpmontagem.com.br\/novo\/wp-content\/uploads\/2018\/09\/montagem-e-manuten\u00e7\u00e3o-industrial.jpg\"  alt=\"\" title=\"montagem-e-manuten\u00e7\u00e3o-industrial\"  width=\"1920\" height=\"1080\" data-bgposition=\"center top\" data-bgfit=\"cover\" data-bgrepeat=\"no-repeat\" class=\"rev-slidebg\" data-no-retina>\n\t\t<!-- LAYERS -->\n\n\t\t<!-- LAYER NR. 1 -->\n\t\t<div class=\"tp-caption very_large_text   tp-resizeme\" \n\t\t\t id=\"slide-1-layer-1\" \n\t\t\t data-x=\"120\" \n\t\t\t data-y=\"250\" \n\t\t\t\t\t\tdata-width=\"['auto']\"\n\t\t\tdata-height=\"['auto']\"\n \n\t\t\tdata-type=\"text\" \n\t\t\tdata-responsive_offset=\"on\" \n\n\t\t\tdata-frames='[{\"delay\":500.000305176,\"speed\":1000,\"frame\":\"0\",\"from\":\"x:left;\",\"to\":\"o:1;\",\"ease\":\"Power3.easeInOut\"},{\"delay\":\"wait\",\"speed\":300,\"frame\":\"999\",\"to\":\"opacity:0;\",\"ease\":\"Power3.easeInOut\"}]'\n\t\t\tdata-textAlign=\"['inherit','inherit','inherit','inherit']\"\n\t\t\tdata-paddingtop=\"[0,0,0,0]\"\n\t\t\tdata-paddingright=\"[0,0,0,0]\"\n\t\t\tdata-paddingbottom=\"[0,0,0,0]\"\n\t\t\tdata-paddingleft=\"[0,0,0,0]\"\n\n\t\t\tstyle=\"z-index: 5; white-space: nowrap; font-size: 45px; letter-spacing: 0px;font-family:Montserrat;\">Solu\u00e7\u00f5es em <\/div>\n\n\t\t<!-- LAYER NR. 2 -->\n\t\t<div class=\"tp-caption very_large_text   tp-resizeme\" \n\t\t\t id=\"slide-1-layer-3\" \n\t\t\t data-x=\"120\" \n\t\t\t data-y=\"315\" \n\t\t\t\t\t\tdata-width=\"['auto']\"\n\t\t\tdata-height=\"['auto']\"\n \n\t\t\tdata-type=\"text\" \n\t\t\tdata-responsive_offset=\"on\" \n\n\t\t\tdata-frames='[{\"delay\":650.000305176,\"speed\":1000,\"frame\":\"0\",\"from\":\"x:left;\",\"to\":\"o:1;\",\"ease\":\"Power3.easeInOut\"},{\"delay\":\"wait\",\"speed\":300,\"frame\":\"999\",\"to\":\"opacity:0;\",\"ease\":\"Power3.easeInOut\"}]'\n\t\t\tdata-textAlign=\"['inherit','inherit','inherit','inherit']\"\n\t\t\tdata-paddingtop=\"[0,0,0,0]\"\n\t\t\tdata-paddingright=\"[0,0,0,0]\"\n\t\t\tdata-paddingbottom=\"[0,0,0,0]\"\n\t\t\tdata-paddingleft=\"[0,0,0,0]\"\n\n\t\t\tstyle=\"z-index: 6; white-space: nowrap; font-size: 70px; letter-spacing: 0px;font-family:Montserrat;\">MONTAGENS INDUSTRIAIS <\/div>\n\t<\/li>\n\t<!-- SLIDE  -->\n\t<li data-index=\"rs-3\" data-transition=\"slideoverleft\" data-slotamount=\"default\" data-hideafterloop=\"0\" data-hideslideonmobile=\"off\"  data-easein=\"default\" data-easeout=\"default\" data-masterspeed=\"default\"  data-thumb=\"http:\/\/jpmontagem.com.br\/novo\/wp-content\/uploads\/2018\/09\/caldeiraria1-100x50.jpg\"  data-rotate=\"0\"  data-saveperformance=\"off\"  data-title=\"Slide\" data-param1=\"\" data-param2=\"\" data-param3=\"\" data-param4=\"\" data-param5=\"\" data-param6=\"\" data-param7=\"\" data-param8=\"\" data-param9=\"\" data-param10=\"\" data-description=\"\">\n\t\t<!-- MAIN IMAGE -->\n\t\t<img src=\"http:\/\/jpmontagem.com.br\/novo\/wp-content\/uploads\/2018\/09\/caldeiraria1.jpg\"  alt=\"\" title=\"caldeiraria1\"  width=\"1920\" height=\"979\" data-bgposition=\"center bottom\" data-bgfit=\"cover\" data-bgrepeat=\"no-repeat\" class=\"rev-slidebg\" data-no-retina>\n\t\t<!-- LAYERS -->\n\n\t\t<!-- LAYER NR. 3 -->\n\t\t<div class=\"tp-caption very_large_text   tp-resizeme\" \n\t\t\t id=\"slide-3-layer-1\" \n\t\t\t data-x=\"120\" \n\t\t\t data-y=\"240\" \n\t\t\t\t\t\tdata-width=\"['auto']\"\n\t\t\tdata-height=\"['auto']\"\n \n\t\t\tdata-type=\"text\" \n\t\t\tdata-responsive_offset=\"on\" \n\n\t\t\tdata-frames='[{\"delay\":500.000305176,\"speed\":1000,\"frame\":\"0\",\"from\":\"x:left;\",\"to\":\"o:1;\",\"ease\":\"Power3.easeInOut\"},{\"delay\":\"wait\",\"speed\":300,\"frame\":\"999\",\"to\":\"opacity:0;\",\"ease\":\"Power3.easeInOut\"}]'\n\t\t\tdata-textAlign=\"['inherit','inherit','inherit','inherit']\"\n\t\t\tdata-paddingtop=\"[0,0,0,0]\"\n\t\t\tdata-paddingright=\"[0,0,0,0]\"\n\t\t\tdata-paddingbottom=\"[0,0,0,0]\"\n\t\t\tdata-paddingleft=\"[0,0,0,0]\"\n\n\t\t\tstyle=\"z-index: 5; white-space: nowrap; font-size: 45px; letter-spacing: 0px;font-family:Montserrat;\">Fabrica\u00e7\u00e3o de equipamentos em <\/div>\n\n\t\t<!-- LAYER NR. 4 -->\n\t\t<div class=\"tp-caption very_large_text   tp-resizeme\" \n\t\t\t id=\"slide-3-layer-2\" \n\t\t\t data-x=\"119\" \n\t\t\t data-y=\"310\" \n\t\t\t\t\t\tdata-width=\"['auto']\"\n\t\t\tdata-height=\"['auto']\"\n \n\t\t\tdata-type=\"text\" \n\t\t\tdata-responsive_offset=\"on\" \n\n\t\t\tdata-frames='[{\"delay\":650.000305176,\"speed\":1000,\"frame\":\"0\",\"from\":\"x:left;\",\"to\":\"o:1;\",\"ease\":\"Power3.easeInOut\"},{\"delay\":\"wait\",\"speed\":300,\"frame\":\"999\",\"to\":\"opacity:0;\",\"ease\":\"Power3.easeInOut\"}]'\n\t\t\tdata-textAlign=\"['inherit','inherit','inherit','inherit']\"\n\t\t\tdata-paddingtop=\"[0,0,0,0]\"\n\t\t\tdata-paddingright=\"[0,0,0,0]\"\n\t\t\tdata-paddingbottom=\"[0,0,0,0]\"\n\t\t\tdata-paddingleft=\"[0,0,0,0]\"\n\n\t\t\tstyle=\"z-index: 6; white-space: nowrap; font-size: 70px; letter-spacing: 0px;font-family:Montserrat;\">CALDEIRARIA <\/div>\n\t<\/li>\n<\/ul>\n<script>var htmlDiv = document.getElementById(\"rs-plugin-settings-inline-css\"); var htmlDivCss=\"\";\r\n\t\t\t\t\t\tif(htmlDiv) {\r\n\t\t\t\t\t\t\thtmlDiv.innerHTML = htmlDiv.innerHTML + htmlDivCss;\r\n\t\t\t\t\t\t}else{\r\n\t\t\t\t\t\t\tvar htmlDiv = document.createElement(\"div\");\r\n\t\t\t\t\t\t\thtmlDiv.innerHTML = \"<style>\" + htmlDivCss + \"<\/style>\";\r\n\t\t\t\t\t\t\tdocument.getElementsByTagName(\"head\")[0].appendChild(htmlDiv.childNodes[0]);\r\n\t\t\t\t\t\t}\r\n\t\t\t\t\t<\/script>\n<div class=\"tp-bannertimer tp-bottom\" style=\"visibility: hidden !important;\"><\/div>\t<\/div>\n<script>var htmlDiv = document.getElementById(\"rs-plugin-settings-inline-css\"); var htmlDivCss=\".tp-caption.very_large_text,.very_large_text{color:#fff;font-weight:700;font-size:60px;line-height:60px;font-family:Arial;border-width:0px;border-style:none;position:absolute;text-shadow:0px 2px 5px rgba(0,0,0,0.5);white-space:nowrap;letter-spacing:-2px}\";\r\n\t\t\t\tif(htmlDiv) {\r\n\t\t\t\t\thtmlDiv.innerHTML = htmlDiv.innerHTML + htmlDivCss;\r\n\t\t\t\t}else{\r\n\t\t\t\t\tvar htmlDiv = document.createElement(\"div\");\r\n\t\t\t\t\thtmlDiv.innerHTML = \"<style>\" + htmlDivCss + \"<\/style>\";\r\n\t\t\t\t\tdocument.getElementsByTagName(\"head\")[0].appendChild(htmlDiv.childNodes[0]);\r\n\t\t\t\t}\r\n\t\t\t<\/script>\n\t\t<script type=\"text\/javascript\">\r\nif (setREVStartSize!==undefined) setREVStartSize(\r\n\t{c: '#rev_slider_1_1', gridwidth: [1354], gridheight: [550], sliderLayout: 'fullwidth'});\r\n\t\t\t\r\nvar revapi1,\r\n\ttpj;\t\r\n(function() {\t\t\t\r\n\tif (!\/loaded|interactive|complete\/.test(document.readyState)) document.addEventListener(\"DOMContentLoaded\",onLoad); else onLoad();\t\r\n\tfunction onLoad() {\t\t\t\t\r\n\t\tif (tpj===undefined) { tpj = jQuery; if(\"off\" == \"on\") tpj.noConflict();}\r\n\tif(tpj(\"#rev_slider_1_1\").revolution == undefined){\n\t\trevslider_showDoubleJqueryError(\"#rev_slider_1_1\");\n\t}else{\n\t\trevapi1 = tpj(\"#rev_slider_1_1\").show().revolution({\n\t\t\tsliderType:\"standard\",\n\t\t\tjsFileLocation:\"\/\/jpmontagem.com.br\/novo\/wp-content\/plugins\/revslider\/public\/assets\/js\/\",\n\t\t\tsliderLayout:\"fullwidth\",\n\t\t\tdottedOverlay:\"none\",\n\t\t\tdelay:6000,\n\t\t\tnavigation: {\n\t\t\t\tkeyboardNavigation:\"off\",\n\t\t\t\tkeyboard_direction: \"horizontal\",\n\t\t\t\tmouseScrollNavigation:\"off\",\n \t\t\t\t\t\t\tmouseScrollReverse:\"default\",\n\t\t\t\tonHoverStop:\"on\",\n\t\t\t\tarrows: {\n\t\t\t\t\tstyle:\"hesperiden\",\n\t\t\t\t\tenable:true,\n\t\t\t\t\thide_onmobile:true,\n\t\t\t\t\thide_under:600,\n\t\t\t\t\thide_onleave:true,\n\t\t\t\t\thide_delay:200,\n\t\t\t\t\thide_delay_mobile:1200,\n\t\t\t\t\ttmp:'',\n\t\t\t\t\tleft: {\n\t\t\t\t\t\th_align:\"left\",\n\t\t\t\t\t\tv_align:\"center\",\n\t\t\t\t\t\th_offset:20,\n\t\t\t\t\t\tv_offset:0\n\t\t\t\t\t},\n\t\t\t\t\tright: {\n\t\t\t\t\t\th_align:\"right\",\n\t\t\t\t\t\tv_align:\"center\",\n\t\t\t\t\t\th_offset:20,\n\t\t\t\t\t\tv_offset:0\n\t\t\t\t\t}\n\t\t\t\t}\n\t\t\t},\n\t\t\tvisibilityLevels:[1240,1024,778,480],\n\t\t\tgridwidth:1354,\n\t\t\tgridheight:550,\n\t\t\tlazyType:\"none\",\n\t\t\tshadow:0,\n\t\t\tspinner:\"spinner0\",\n\t\t\tstopLoop:\"off\",\n\t\t\tstopAfterLoops:-1,\n\t\t\tstopAtSlide:-1,\n\t\t\tshuffle:\"off\",\n\t\t\tautoHeight:\"off\",\n\t\t\tdisableProgressBar:\"on\",\n\t\t\thideThumbsOnMobile:\"off\",\n\t\t\thideSliderAtLimit:0,\n\t\t\thideCaptionAtLimit:0,\n\t\t\thideAllCaptionAtLilmit:0,\n\t\t\tdebugMode:false,\n\t\t\tfallbacks: {\n\t\t\t\tsimplifyAll:\"off\",\n\t\t\t\tnextSlideOnWindowFocus:\"off\",\n\t\t\t\tdisableFocusListener:false,\n\t\t\t}\n\t\t});\n\t}; \/* END OF revapi call *\/\n\t\n }; \/* END OF ON LOAD FUNCTION *\/\r\n}()); \/* END OF WRAPPING FUNCTION *\/\r\n<\/script>\r\n\t\t<script>\r\n\t\t\t\t\tvar htmlDivCss = unescape(\".hesperiden.tparrows%20%7B%0A%09cursor%3Apointer%3B%0A%09background%3Argba%280%2C0%2C0%2C0.5%29%3B%0A%09width%3A40px%3B%0A%09height%3A40px%3B%0A%09position%3Aabsolute%3B%0A%09display%3Ablock%3B%0A%09z-index%3A100%3B%0A%20%20%20%20border-radius%3A%2050%25%3B%0A%7D%0A.hesperiden.tparrows%3Ahover%20%7B%0A%09background%3Argba%280%2C%200%2C%200%2C%201%29%3B%0A%7D%0A.hesperiden.tparrows%3Abefore%20%7B%0A%09font-family%3A%20%22revicons%22%3B%0A%09font-size%3A20px%3B%0A%09color%3Argb%28255%2C%20255%2C%20255%29%3B%0A%09display%3Ablock%3B%0A%09line-height%3A%2040px%3B%0A%09text-align%3A%20center%3B%0A%7D%0A.hesperiden.tparrows.tp-leftarrow%3Abefore%20%7B%0A%09content%3A%20%22%5Ce82c%22%3B%0A%20%20%20%20margin-left%3A-3px%3B%0A%7D%0A.hesperiden.tparrows.tp-rightarrow%3Abefore%20%7B%0A%09content%3A%20%22%5Ce82d%22%3B%0A%20%20%20%20margin-right%3A-3px%3B%0A%7D%0A\");\r\n\t\t\t\t\tvar htmlDiv = document.getElementById('rs-plugin-settings-inline-css');\r\n\t\t\t\t\tif(htmlDiv) {\r\n\t\t\t\t\t\thtmlDiv.innerHTML = htmlDiv.innerHTML + htmlDivCss;\r\n\t\t\t\t\t}\r\n\t\t\t\t\telse{\r\n\t\t\t\t\t\tvar htmlDiv = document.createElement('div');\r\n\t\t\t\t\t\thtmlDiv.innerHTML = '<style>' + htmlDivCss + '<\/style>';\r\n\t\t\t\t\t\tdocument.getElementsByTagName('head')[0].appendChild(htmlDiv.childNodes[0]);\r\n\t\t\t\t\t}\r\n\t\t\t\t  <\/script>\r\n\t\t\t\t<\/div><!-- END REVOLUTION SLIDER -->[\/vc_column_text][\/vc_column][\/vc_row][vc_row css=&#8221;.vc_custom_1539786623716{margin-top: -35px !important;background-color: #efefef !important;}&#8221;][vc_column][vc_row_inner css=&#8221;.vc_custom_1539786635325{margin-top: 40px !important;}&#8221;][vc_column_inner]\r\n            \r\n            <div class=\"vcg-heading vcg-heading-QLqbOChiFJ \">\r\n                <h3 class=\"vcg-heading-content vcg-heading-align-center size-40px \" style=\"color: #006890; ; ; ; ; ; \">\r\n                                        \u00c1reas de Atua\u00e7\u00e3o                <\/h3>\r\n            <\/div>\r\n\r\n        [\/vc_column_inner][\/vc_row_inner][vc_row_inner css=&#8221;.vc_custom_1539786463907{margin-bottom: 20px !important;padding-top: 20px !important;padding-right: 20px !important;padding-bottom: 20px !important;padding-left: 20px !important;}&#8221;][vc_column_inner width=&#8221;1\/3&#8243;][ucaddon_uc_starter_icon_box icon_background=&#8221;#006890&#8243; icon=&#8221;fa fa-fire&#8221; header=&#8221;Caldeiraria e Servi\u00e7os&#8221; header_color=&#8221;#006890&#8243; uc_fonts_data=&#8221;JTdCJTIyaGVhZGVyJTIyJTNBJTdCJTIyZm9udC13ZWlnaHQlMjIlM0ElMjJCb2xkJTIyJTdEJTdE&#8221;]Q29udGFtb3MlMjBjb20lMjBDYWxkZWlyYXJpYSUyMHBhcmElMjBmYWJyaWNhJUMzJUE3JUMzJUEzbyUyMGRlJTIwZXF1aXBhbWVudG9zJTIwZW0lMjBhJUMzJUE3byUyMGNhcmJvbm8lMjBlJTIwaW5veGlkJUMzJUExdmVsLg==[\/ucaddon_uc_starter_icon_box][\/vc_column_inner][vc_column_inner width=&#8221;1\/3&#8243;][ucaddon_uc_starter_icon_box icon_background=&#8221;#006890&#8243; icon=&#8221;fa fa-wrench&#8221; header=&#8221;Montagens Industriais&#8221; header_color=&#8221;#006890&#8243; uc_fonts_data=&#8221;JTdCJTIyaGVhZGVyJTIyJTNBJTdCJTIyZm9udC13ZWlnaHQlMjIlM0ElMjJCb2xkJTIyJTdEJTdE&#8221;]U2VydmklQzMlQTdvcyUyMGRlJTIwaW5zdGFsYSVDMyVBNyVDMyVBM28lMjBkZSUyMGVxdWlwYW1lbnRvcyUyQyUyMGVzdHJ1dHVyYXMlMjBtZXQlQzMlQTFsaWNhcyUyQyUyMHR1YnVsYSVDMyVBNyVDMyVCNWVzJTJDJTIwZHV0b3MlMkMlMjBkZW50cmUlMjBvdXRyb3Mu[\/ucaddon_uc_starter_icon_box][\/vc_column_inner][vc_column_inner width=&#8221;1\/3&#8243;][ucaddon_uc_starter_icon_box icon_background=&#8221;#006890&#8243; icon=&#8221;fa fa-check-square-o&#8221; header=&#8221;Projetos&#8221; header_color=&#8221;#006890&#8243; uc_fonts_data=&#8221;JTdCJTIyaGVhZGVyJTIyJTNBJTdCJTIyZm9udC13ZWlnaHQlMjIlM0ElMjJCb2xkJTIyJTdEJTdE&#8221;]RXhlY3UlQzMlQTclQzMlQTNvJTIwZGUlMjBwcm9qZXRvcyUyMHBhcmElMjBpbnN0YWxhJUMzJUE3JUMzJUI1ZXMlMjBpbmR1c3RyaWFpcy4lMEFQcm9qZXRvcyUyMGRlJTIwYWRlcXVhJUMzJUE3JUMzJUEzbyUyMGRlJTIwZXF1aXBhbWVudG9zJTIwJUMzJUEwJTIwTlItMTIu[\/ucaddon_uc_starter_icon_box][\/vc_column_inner][\/vc_row_inner][vc_row_inner css=&#8221;.vc_custom_1539786724241{margin-bottom: 20px !important;padding-top: 20px !important;padding-right: 20px !important;padding-bottom: 20px !important;padding-left: 20px !important;}&#8221; el_id=&#8221;empresa&#8221;][vc_column_inner width=&#8221;1\/3&#8243;][vc_column_text][\/vc_column_text][\/vc_column_inner][vc_column_inner width=&#8221;1\/3&#8243;][vc_column_text][\/vc_column_text][\/vc_column_inner][vc_column_inner width=&#8221;1\/3&#8243;][vc_column_text][\/vc_column_text][\/vc_column_inner][\/vc_row_inner][\/vc_column][\/vc_row][vc_row full_height=&#8221;yes&#8221; columns_placement=&#8221;top&#8221; content_placement=&#8221;top&#8221; css=&#8221;.vc_custom_1539785328321{background-image: url(http:\/\/jpmontagem.com.br\/novo\/wp-content\/uploads\/2017\/04\/caldeiraria02.jpg?id=1753) !important;}&#8221;][vc_column]\r\n            \r\n            <div class=\"vcg-heading vcg-heading-sPyqx8hnl0 \">\r\n                <h3 class=\"vcg-heading-content vcg-heading-align-center size-60px \" style=\"color: #ffffff; ; ; ; ; ; \">\r\n                                        Nossa Empresa                <\/h3>\r\n            <\/div>\r\n\r\n        [vc_column_text css=&#8221;.vc_custom_1539089691318{margin-top: 40px !important;padding-right: 170px !important;padding-left: 170px !important;}&#8221;]<\/p>\n<p style=\"text-align: justify; font-size: 20px;\"><span style=\"color: #ffffff;\">Com 25 anos de mercado a JP Montagens \u00e9 uma empresa especializada em servi\u00e7os de Montagens Industriais e Caldeiraria atuando em diversos setores tais como: Aliment\u00edcio, Sucroalcooleiro, Armazenagem de gr\u00e3os, Ra\u00e7\u00f5es, \u00d3leos vegetais e outros. Contamos com uma equipe de profissionais treinados e de capacidade t\u00e9cnica comprovada a fim de oferecer servi\u00e7os de qualidade e sempre empenhada em atender as necessidades do cliente.<\/span><\/p>\n<p><span style=\"color: #ffffff;\">&nbsp;<\/span><\/p>\n<p id=\"clientes\" style=\"text-align: justify; font-size: 20px;\"><span style=\"color: #ffffff;\">Acreditamos que para fornecer produtos e servi\u00e7os que superem as expectativas do mercado, al\u00e9m de comprometimento \u00e9 necess\u00e1rio compet\u00eancia, e por isso procuramos sempre utilizar e desenvolver novas tecnologias na execu\u00e7\u00e3o dos nossos trabalhos e acima de tudo investimos na capacita\u00e7\u00e3o cont\u00ednua de nossos colaboradores para que possamos entregar um produto de qualidade com pre\u00e7o competitivo.<\/span><\/p>\n<p>[\/vc_column_text][\/vc_column][\/vc_row][vc_row content_placement=&#8221;top&#8221; css=&#8221;.vc_custom_1539089616097{padding-right: 50px !important;padding-left: 50px !important;}&#8221;][vc_column]\r\n            \r\n            <div class=\"vcg-heading vcg-heading-h9IE3LoygJ \">\r\n                <h3 class=\"vcg-heading-content vcg-heading-align-center size-40px \" style=\"color: #006890; ; ; ; ; ; \">\r\n                                        Alguns de Nossos Clientes                <\/h3>\r\n            <\/div>\r\n\r\n        [vc_row_inner el_id=&#8221;galeria&#8221; css=&#8221;.vc_custom_1539786155381{padding-top: -20px !important;}&#8221;][vc_column_inner][rev_slider_vc alias=&#8221;carousel_clientes&#8221; el_id=&#8221;galeria&#8221;][\/vc_column_inner][\/vc_row_inner][\/vc_column][\/vc_row][vc_row css=&#8221;.vc_custom_1539090066326{margin-top: -25px !important;padding-right: 50px !important;padding-bottom: 50px !important;padding-left: 50px !important;background-color: #efefef !important;}&#8221;][vc_column]\r\n            \r\n            <div class=\"vcg-heading vcg-heading-tZCj6OAvBX \">\r\n                <h3 class=\"vcg-heading-content vcg-heading-align-center size-40px \" style=\"color: #006890; ; ; ; ; ; \">\r\n                                        Galeria de Fotos                <\/h3>\r\n            <\/div>\r\n\r\n        [vc_column_text css=&#8221;.vc_custom_1537278550369{margin-top: 25px !important;}&#8221;]<\/p>\n<p style=\"text-align: center;\">\t\t<div class=\"msacwl-carousel-wrap msacwl-row-clearfix \" data-conf=\"{&quot;slide_to_show&quot;:3,&quot;slide_to_scroll&quot;:1,&quot;autoplay&quot;:&quot;true&quot;,&quot;autoplay_speed&quot;:3000,&quot;speed&quot;:300,&quot;arrows&quot;:&quot;true&quot;,&quot;dots&quot;:&quot;true&quot;,&quot;lazyload&quot;:&quot;&quot;}\">\r\n\t\t\t<div id=\"msacwl-carousel-1\" class=\"msacwl-carousel msacwl-common-slider msacwl-slider-popup\">\r\n\t\t\t\t\t\t\t\t<div class=\"msacwl-carousel-slide msacwl-slide\" data-item-index=\"1\" >\r\n\r\n\t\t\t\t\t<a class=\"msacwl-img-link\" href=\"javascript:void(0);\" data-mfp-src=\"http:\/\/jpmontagem.com.br\/novo\/wp-content\/uploads\/2017\/04\/IMG00014-20110327-0843.jpg\">\r\n\t\t\t\t\t\t<img class=\"msacwl-img\" src=\"http:\/\/jpmontagem.com.br\/novo\/wp-content\/uploads\/2017\/04\/IMG00014-20110327-0843.jpg\"  data-title=\"IMG00014-20110327-0843\" alt=\"\" \/>\r\n\t\t\t\t\t<\/a>\r\n\r\n\t\t\t\t\t\t\t\t\t\t\t<div class=\"msacwl-gallery-caption\">\r\n\t\t\t\t\t\t\t\t\t\t\t\t\t\t\t<span class=\"image_title\">IMG00014-20110327-0843<\/span>\r\n\t\t\t\t\t\t\t\t\t\t\t\t\t\t\t<span><\/span>\r\n\t\t\t\t\t\t\t\t\t\t\t\t\t<\/div>\r\n\t\t\t\t\t\t\t\t\t<\/div>\r\n\t\t\t\t\t\t\t\t<div class=\"msacwl-carousel-slide msacwl-slide\" data-item-index=\"2\" >\r\n\r\n\t\t\t\t\t<a class=\"msacwl-img-link\" href=\"javascript:void(0);\" data-mfp-src=\"http:\/\/jpmontagem.com.br\/novo\/wp-content\/uploads\/2017\/04\/IMG_20180416_084802018_HDR.jpg\">\r\n\t\t\t\t\t\t<img class=\"msacwl-img\" src=\"http:\/\/jpmontagem.com.br\/novo\/wp-content\/uploads\/2017\/04\/IMG_20180416_084802018_HDR.jpg\"  data-title=\"IMG_20180416_084802018_HDR\" alt=\"\" \/>\r\n\t\t\t\t\t<\/a>\r\n\r\n\t\t\t\t\t\t\t\t\t\t\t<div class=\"msacwl-gallery-caption\">\r\n\t\t\t\t\t\t\t\t\t\t\t\t\t\t\t<span class=\"image_title\">IMG_20180416_084802018_HDR<\/span>\r\n\t\t\t\t\t\t\t\t\t\t\t\t\t\t\t<span><\/span>\r\n\t\t\t\t\t\t\t\t\t\t\t\t\t<\/div>\r\n\t\t\t\t\t\t\t\t\t<\/div>\r\n\t\t\t\t\t\t\t\t<div class=\"msacwl-carousel-slide msacwl-slide\" data-item-index=\"3\" >\r\n\r\n\t\t\t\t\t<a class=\"msacwl-img-link\" href=\"javascript:void(0);\" data-mfp-src=\"http:\/\/jpmontagem.com.br\/novo\/wp-content\/uploads\/2017\/04\/IMG_20151021_164506.jpg\">\r\n\t\t\t\t\t\t<img class=\"msacwl-img\" src=\"http:\/\/jpmontagem.com.br\/novo\/wp-content\/uploads\/2017\/04\/IMG_20151021_164506.jpg\"  data-title=\"IMG_20151021_164506\" alt=\"\" \/>\r\n\t\t\t\t\t<\/a>\r\n\r\n\t\t\t\t\t\t\t\t\t\t\t<div class=\"msacwl-gallery-caption\">\r\n\t\t\t\t\t\t\t\t\t\t\t\t\t\t\t<span class=\"image_title\">IMG_20151021_164506<\/span>\r\n\t\t\t\t\t\t\t\t\t\t\t\t\t\t\t<span><\/span>\r\n\t\t\t\t\t\t\t\t\t\t\t\t\t<\/div>\r\n\t\t\t\t\t\t\t\t\t<\/div>\r\n\t\t\t\t\t\t\t\t<div class=\"msacwl-carousel-slide msacwl-slide\" data-item-index=\"4\" >\r\n\r\n\t\t\t\t\t<a class=\"msacwl-img-link\" href=\"javascript:void(0);\" data-mfp-src=\"http:\/\/jpmontagem.com.br\/novo\/wp-content\/uploads\/2017\/01\/IMG_20180424_092141235.jpg\">\r\n\t\t\t\t\t\t<img class=\"msacwl-img\" src=\"http:\/\/jpmontagem.com.br\/novo\/wp-content\/uploads\/2017\/01\/IMG_20180424_092141235.jpg\"  data-title=\"IMG_20180424_092141235\" alt=\"\" \/>\r\n\t\t\t\t\t<\/a>\r\n\r\n\t\t\t\t\t\t\t\t\t\t\t<div class=\"msacwl-gallery-caption\">\r\n\t\t\t\t\t\t\t\t\t\t\t\t\t\t\t<span class=\"image_title\">IMG_20180424_092141235<\/span>\r\n\t\t\t\t\t\t\t\t\t\t\t\t\t\t\t<span><\/span>\r\n\t\t\t\t\t\t\t\t\t\t\t\t\t<\/div>\r\n\t\t\t\t\t\t\t\t\t<\/div>\r\n\t\t\t\t\t\t\t\t<div class=\"msacwl-carousel-slide msacwl-slide\" data-item-index=\"5\" >\r\n\r\n\t\t\t\t\t<a class=\"msacwl-img-link\" href=\"javascript:void(0);\" data-mfp-src=\"http:\/\/jpmontagem.com.br\/novo\/wp-content\/uploads\/2017\/01\/IMG00123-20120814-1646.jpg\">\r\n\t\t\t\t\t\t<img class=\"msacwl-img\" src=\"http:\/\/jpmontagem.com.br\/novo\/wp-content\/uploads\/2017\/01\/IMG00123-20120814-1646.jpg\"  data-title=\"IMG00123-20120814-1646\" alt=\"\" \/>\r\n\t\t\t\t\t<\/a>\r\n\r\n\t\t\t\t\t\t\t\t\t\t\t<div class=\"msacwl-gallery-caption\">\r\n\t\t\t\t\t\t\t\t\t\t\t\t\t\t\t<span class=\"image_title\">IMG00123-20120814-1646<\/span>\r\n\t\t\t\t\t\t\t\t\t\t\t\t\t\t\t<span><\/span>\r\n\t\t\t\t\t\t\t\t\t\t\t\t\t<\/div>\r\n\t\t\t\t\t\t\t\t\t<\/div>\r\n\t\t\t\t\t\t\t\t<div class=\"msacwl-carousel-slide msacwl-slide\" data-item-index=\"6\" >\r\n\r\n\t\t\t\t\t<a class=\"msacwl-img-link\" href=\"javascript:void(0);\" data-mfp-src=\"http:\/\/jpmontagem.com.br\/novo\/wp-content\/uploads\/2017\/01\/IMG00147-20121114-0953.jpg\">\r\n\t\t\t\t\t\t<img class=\"msacwl-img\" src=\"http:\/\/jpmontagem.com.br\/novo\/wp-content\/uploads\/2017\/01\/IMG00147-20121114-0953.jpg\"  data-title=\"IMG00147-20121114-0953\" alt=\"\" \/>\r\n\t\t\t\t\t<\/a>\r\n\r\n\t\t\t\t\t\t\t\t\t\t\t<div class=\"msacwl-gallery-caption\">\r\n\t\t\t\t\t\t\t\t\t\t\t\t\t\t\t<span class=\"image_title\">IMG00147-20121114-0953<\/span>\r\n\t\t\t\t\t\t\t\t\t\t\t\t\t\t\t<span><\/span>\r\n\t\t\t\t\t\t\t\t\t\t\t\t\t<\/div>\r\n\t\t\t\t\t\t\t\t\t<\/div>\r\n\t\t\t\t\t\t\t\t<div class=\"msacwl-carousel-slide msacwl-slide\" data-item-index=\"7\" >\r\n\r\n\t\t\t\t\t<a class=\"msacwl-img-link\" href=\"javascript:void(0);\" data-mfp-src=\"http:\/\/jpmontagem.com.br\/novo\/wp-content\/uploads\/2017\/04\/Imagem003.jpg\">\r\n\t\t\t\t\t\t<img class=\"msacwl-img\" src=\"http:\/\/jpmontagem.com.br\/novo\/wp-content\/uploads\/2017\/04\/Imagem003.jpg\"  data-title=\"Imagem003\" alt=\"\" \/>\r\n\t\t\t\t\t<\/a>\r\n\r\n\t\t\t\t\t\t\t\t\t\t\t<div class=\"msacwl-gallery-caption\">\r\n\t\t\t\t\t\t\t\t\t\t\t\t\t\t\t<span class=\"image_title\">Imagem003<\/span>\r\n\t\t\t\t\t\t\t\t\t\t\t\t\t\t\t<span><\/span>\r\n\t\t\t\t\t\t\t\t\t\t\t\t\t<\/div>\r\n\t\t\t\t\t\t\t\t\t<\/div>\r\n\t\t\t\t\t\t\t\t<div class=\"msacwl-carousel-slide msacwl-slide\" data-item-index=\"8\" >\r\n\r\n\t\t\t\t\t<a class=\"msacwl-img-link\" href=\"javascript:void(0);\" data-mfp-src=\"http:\/\/jpmontagem.com.br\/novo\/wp-content\/uploads\/2017\/04\/IMG_20180416_084802018_HDR.jpg\">\r\n\t\t\t\t\t\t<img class=\"msacwl-img\" src=\"http:\/\/jpmontagem.com.br\/novo\/wp-content\/uploads\/2017\/04\/IMG_20180416_084802018_HDR.jpg\"  data-title=\"IMG_20180416_084802018_HDR\" alt=\"\" \/>\r\n\t\t\t\t\t<\/a>\r\n\r\n\t\t\t\t\t\t\t\t\t\t\t<div class=\"msacwl-gallery-caption\">\r\n\t\t\t\t\t\t\t\t\t\t\t\t\t\t\t<span class=\"image_title\">IMG_20180416_084802018_HDR<\/span>\r\n\t\t\t\t\t\t\t\t\t\t\t\t\t\t\t<span><\/span>\r\n\t\t\t\t\t\t\t\t\t\t\t\t\t<\/div>\r\n\t\t\t\t\t\t\t\t\t<\/div>\r\n\t\t\t\t\t\t\t\t<div class=\"msacwl-carousel-slide msacwl-slide\" data-item-index=\"9\" >\r\n\r\n\t\t\t\t\t<a class=\"msacwl-img-link\" href=\"javascript:void(0);\" data-mfp-src=\"http:\/\/jpmontagem.com.br\/novo\/wp-content\/uploads\/2017\/04\/IMG_20151021_164506.jpg\">\r\n\t\t\t\t\t\t<img class=\"msacwl-img\" src=\"http:\/\/jpmontagem.com.br\/novo\/wp-content\/uploads\/2017\/04\/IMG_20151021_164506.jpg\"  data-title=\"IMG_20151021_164506\" alt=\"\" \/>\r\n\t\t\t\t\t<\/a>\r\n\r\n\t\t\t\t\t\t\t\t\t\t\t<div class=\"msacwl-gallery-caption\">\r\n\t\t\t\t\t\t\t\t\t\t\t\t\t\t\t<span class=\"image_title\">IMG_20151021_164506<\/span>\r\n\t\t\t\t\t\t\t\t\t\t\t\t\t\t\t<span><\/span>\r\n\t\t\t\t\t\t\t\t\t\t\t\t\t<\/div>\r\n\t\t\t\t\t\t\t\t\t<\/div>\r\n\t\t\t\t\t\t\t<\/div>\r\n\t\t<\/div>\n<p>[\/vc_column_text][\/vc_column][\/vc_row]<\/p>\n","protected":false},"excerpt":{"rendered":"<p>[vc_row full_width=&#8221;stretch_row_content_no_spaces&#8221; css=&#8221;.vc_custom_1536255775509{margin-top: -60px !important;}&#8221;][vc_column][vc_column_text][\/vc_column_text][\/vc_column][\/vc_row][vc_row css=&#8221;.vc_custom_1539786623716{margin-top: -35px !important;background-color: #efefef !important;}&#8221;][vc_column][vc_row_inner css=&#8221;.vc_custom_1539786635325{margin-top: 40px !important;}&#8221;][vc_column_inner][\/vc_column_inner][\/vc_row_inner][vc_row_inner css=&#8221;.vc_custom_1539786463907{margin-bottom: 20px !important;padding-top: 20px !important;padding-right: 20px !important;padding-bottom: 20px !important;padding-left: 20px !important;}&#8221;][vc_column_inner width=&#8221;1\/3&#8243;][ucaddon_uc_starter_icon_box icon_background=&#8221;#006890&#8243; icon=&#8221;fa fa-fire&#8221; header=&#8221;Caldeiraria e&#8230;<\/p>\n","protected":false},"author":1,"featured_media":0,"parent":0,"menu_order":0,"comment_status":"closed","ping_status":"closed","template":"","meta":{"ngg_post_thumbnail":0},"_links":{"self":[{"href":"http:\/\/jpmontagem.com.br\/novo\/wp-json\/wp\/v2\/pages\/674"}],"collection":[{"href":"http:\/\/jpmontagem.com.br\/novo\/wp-json\/wp\/v2\/pages"}],"about":[{"href":"http:\/\/jpmontagem.com.br\/novo\/wp-json\/wp\/v2\/types\/page"}],"author":[{"embeddable":true,"href":"http:\/\/jpmontagem.com.br\/novo\/wp-json\/wp\/v2\/users\/1"}],"replies":[{"embeddable":true,"href":"http:\/\/jpmontagem.com.br\/novo\/wp-json\/wp\/v2\/comments?post=674"}],"version-history":[{"count":212,"href":"http:\/\/jpmontagem.com.br\/novo\/wp-json\/wp\/v2\/pages\/674\/revisions"}],"predecessor-version":[{"id":1900,"href":"http:\/\/jpmontagem.com.br\/novo\/wp-json\/wp\/v2\/pages\/674\/revisions\/1900"}],"wp:attachment":[{"href":"http:\/\/jpmontagem.com.br\/novo\/wp-json\/wp\/v2\/media?parent=674"}],"curies":[{"name":"wp","href":"https:\/\/api.w.org\/{rel}","templated":true}]}}