{"id":1732,"date":"2018-09-29T14:40:58","date_gmt":"2018-09-29T14:40:58","guid":{"rendered":"http:\/\/jpmontagem.com.br\/novo\/?page_id=1732"},"modified":"2018-10-08T18:34:23","modified_gmt":"2018-10-08T18:34:23","slug":"projetos","status":"publish","type":"page","link":"http:\/\/jpmontagem.com.br\/novo\/projetos\/","title":{"rendered":"Projetos"},"content":{"rendered":"<p>[vc_row][vc_column][vc_column_text]<\/p>\n<p style=\"text-align: justify;\">Execu\u00e7\u00e3o de projetos para instala\u00e7\u00f5es industriais. Projetos de adequa\u00e7\u00e3o de equipamentos \u00e0 NR-12.<\/p>\n<p>[\/vc_column_text][vc_column_text]<div id=\"envira-gallery-wrap-1866\" class=\"envira-gallery-wrap envira-gallery-theme-base envira-lightbox-theme-base\" itemscope itemtype=\"https:\/\/schema.org\/ImageGallery\"><div data-row-height=\"\" data-gallery-theme=\"\" id=\"envira-gallery-1866\" class=\"envira-gallery-public  envira-gallery-3-columns envira-clear enviratope envira-gallery-css-animations\" data-envira-columns=\"3\"><div id=\"envira-gallery-item-1867\" class=\"envira-gallery-item enviratope-item envira-gallery-item-1 envira-lazy-load\" style=\"padding-left: 5px; padding-bottom: 10px; padding-right: 5px;\"  itemscope itemtype=\"https:\/\/schema.org\/ImageObject\"><div class=\"envira-gallery-item-inner\"><div class=\"envira-gallery-position-overlay  envira-gallery-top-left\"><\/div><div class=\"envira-gallery-position-overlay  envira-gallery-top-right\"><\/div><div class=\"envira-gallery-position-overlay  envira-gallery-bottom-left\"><\/div><div class=\"envira-gallery-position-overlay  envira-gallery-bottom-right\"><\/div><a href=\"http:\/\/jpmontagem.com.br\/novo\/wp-content\/uploads\/2018\/10\/projetos1.png\" class=\"envira-gallery-1866 envira-gallery-link\" rel=\"enviragallery1866\" title=\"projetos1\" data-envira-caption=\"projetos1\" data-envira-retina=\"\" data-thumbnail=\"\"  itemprop=\"contentUrl\"><div class=\"envira-lazy\" data-test-width=\"640\" data-test-height=\"480\" style=\"padding-bottom:75%;\"><img id=\"envira-gallery-image-1867\" class=\"envira-gallery-image envira-gallery-image-1\" data-envira-index=\"1\" src=\"http:\/\/jpmontagem.com.br\/novo\/wp-content\/uploads\/2018\/10\/projetos1-150x150.png\" data-envira-src=\"http:\/\/jpmontagem.com.br\/novo\/wp-content\/uploads\/2018\/10\/projetos1-150x150.png\" data-envira-gallery-id=\"1866\" data-envira-item-id=\"1867\" data-envira-caption=\"projetos1\" alt=\"\" title=\"projetos1\"  itemprop=\"thumbnailUrl\" data-envira-srcset=\"http:\/\/jpmontagem.com.br\/novo\/wp-content\/uploads\/2018\/10\/projetos1-150x150.png 400w,http:\/\/jpmontagem.com.br\/novo\/wp-content\/uploads\/2018\/10\/projetos1-150x150.png 2x\" srcset=\"data:image\/gif;base64,R0lGODlhAQABAIAAAP\/\/\/\/\/\/\/yH5BAEKAAEALAAAAAABAAEAAAICTAEAOw==\" \/><\/div><\/a><\/div><\/div><div id=\"envira-gallery-item-1868\" class=\"envira-gallery-item enviratope-item envira-gallery-item-2 envira-lazy-load\" style=\"padding-left: 5px; padding-bottom: 10px; padding-right: 5px;\"  itemscope itemtype=\"https:\/\/schema.org\/ImageObject\"><div class=\"envira-gallery-item-inner\"><div class=\"envira-gallery-position-overlay  envira-gallery-top-left\"><\/div><div class=\"envira-gallery-position-overlay  envira-gallery-top-right\"><\/div><div class=\"envira-gallery-position-overlay  envira-gallery-bottom-left\"><\/div><div class=\"envira-gallery-position-overlay  envira-gallery-bottom-right\"><\/div><a href=\"http:\/\/jpmontagem.com.br\/novo\/wp-content\/uploads\/2018\/10\/projetos2.png\" class=\"envira-gallery-1866 envira-gallery-link\" rel=\"enviragallery1866\" title=\"projetos2\" data-envira-caption=\"projetos2\" data-envira-retina=\"\" data-thumbnail=\"\"  itemprop=\"contentUrl\"><div class=\"envira-lazy\" data-test-width=\"640\" data-test-height=\"480\" style=\"padding-bottom:75%;\"><img id=\"envira-gallery-image-1868\" class=\"envira-gallery-image envira-gallery-image-2\" data-envira-index=\"2\" src=\"http:\/\/jpmontagem.com.br\/novo\/wp-content\/uploads\/2018\/10\/projetos2-150x150.png\" data-envira-src=\"http:\/\/jpmontagem.com.br\/novo\/wp-content\/uploads\/2018\/10\/projetos2-150x150.png\" data-envira-gallery-id=\"1866\" data-envira-item-id=\"1868\" data-envira-caption=\"projetos2\" alt=\"\" title=\"projetos2\"  itemprop=\"thumbnailUrl\" data-envira-srcset=\"http:\/\/jpmontagem.com.br\/novo\/wp-content\/uploads\/2018\/10\/projetos2-150x150.png 400w,http:\/\/jpmontagem.com.br\/novo\/wp-content\/uploads\/2018\/10\/projetos2-150x150.png 2x\" srcset=\"data:image\/gif;base64,R0lGODlhAQABAIAAAP\/\/\/\/\/\/\/yH5BAEKAAEALAAAAAABAAEAAAICTAEAOw==\" \/><\/div><\/a><\/div><\/div><div id=\"envira-gallery-item-1869\" class=\"envira-gallery-item enviratope-item envira-gallery-item-3 envira-lazy-load\" style=\"padding-left: 5px; padding-bottom: 10px; padding-right: 5px;\"  itemscope itemtype=\"https:\/\/schema.org\/ImageObject\"><div class=\"envira-gallery-item-inner\"><div class=\"envira-gallery-position-overlay  envira-gallery-top-left\"><\/div><div class=\"envira-gallery-position-overlay  envira-gallery-top-right\"><\/div><div class=\"envira-gallery-position-overlay  envira-gallery-bottom-left\"><\/div><div class=\"envira-gallery-position-overlay  envira-gallery-bottom-right\"><\/div><a href=\"http:\/\/jpmontagem.com.br\/novo\/wp-content\/uploads\/2018\/10\/projetos3.png\" class=\"envira-gallery-1866 envira-gallery-link\" rel=\"enviragallery1866\" title=\"projetos3\" data-envira-caption=\"projetos3\" data-envira-retina=\"\" data-thumbnail=\"\"  itemprop=\"contentUrl\"><div class=\"envira-lazy\" data-test-width=\"640\" data-test-height=\"480\" style=\"padding-bottom:75%;\"><img id=\"envira-gallery-image-1869\" class=\"envira-gallery-image envira-gallery-image-3\" data-envira-index=\"3\" src=\"http:\/\/jpmontagem.com.br\/novo\/wp-content\/uploads\/2018\/10\/projetos3-150x150.png\" data-envira-src=\"http:\/\/jpmontagem.com.br\/novo\/wp-content\/uploads\/2018\/10\/projetos3-150x150.png\" data-envira-gallery-id=\"1866\" data-envira-item-id=\"1869\" data-envira-caption=\"projetos3\" alt=\"\" title=\"projetos3\"  itemprop=\"thumbnailUrl\" data-envira-srcset=\"http:\/\/jpmontagem.com.br\/novo\/wp-content\/uploads\/2018\/10\/projetos3-150x150.png 400w,http:\/\/jpmontagem.com.br\/novo\/wp-content\/uploads\/2018\/10\/projetos3-150x150.png 2x\" srcset=\"data:image\/gif;base64,R0lGODlhAQABAIAAAP\/\/\/\/\/\/\/yH5BAEKAAEALAAAAAABAAEAAAICTAEAOw==\" \/><\/div><\/a><\/div><\/div><\/div><\/div><noscript><img src=\"http:\/\/jpmontagem.com.br\/novo\/wp-content\/uploads\/2018\/10\/projetos1.png\" alt=\"\" \/><img src=\"http:\/\/jpmontagem.com.br\/novo\/wp-content\/uploads\/2018\/10\/projetos2.png\" alt=\"\" \/><img src=\"http:\/\/jpmontagem.com.br\/novo\/wp-content\/uploads\/2018\/10\/projetos3.png\" alt=\"\" \/><\/noscript>[\/vc_column_text][\/vc_column][\/vc_row]<\/p>\n","protected":false},"excerpt":{"rendered":"<p>[vc_row][vc_column][vc_column_text] Execu\u00e7\u00e3o de projetos para instala\u00e7\u00f5es industriais. Projetos de adequa\u00e7\u00e3o de equipamentos \u00e0 NR-12. [\/vc_column_text][vc_column_text][\/vc_column_text][\/vc_column][\/vc_row]<\/p>\n","protected":false},"author":1,"featured_media":0,"parent":0,"menu_order":0,"comment_status":"closed","ping_status":"closed","template":"","meta":{"ngg_post_thumbnail":0},"_links":{"self":[{"href":"http:\/\/jpmontagem.com.br\/novo\/wp-json\/wp\/v2\/pages\/1732"}],"collection":[{"href":"http:\/\/jpmontagem.com.br\/novo\/wp-json\/wp\/v2\/pages"}],"about":[{"href":"http:\/\/jpmontagem.com.br\/novo\/wp-json\/wp\/v2\/types\/page"}],"author":[{"embeddable":true,"href":"http:\/\/jpmontagem.com.br\/novo\/wp-json\/wp\/v2\/users\/1"}],"replies":[{"embeddable":true,"href":"http:\/\/jpmontagem.com.br\/novo\/wp-json\/wp\/v2\/comments?post=1732"}],"version-history":[{"count":4,"href":"http:\/\/jpmontagem.com.br\/novo\/wp-json\/wp\/v2\/pages\/1732\/revisions"}],"predecessor-version":[{"id":1870,"href":"http:\/\/jpmontagem.com.br\/novo\/wp-json\/wp\/v2\/pages\/1732\/revisions\/1870"}],"wp:attachment":[{"href":"http:\/\/jpmontagem.com.br\/novo\/wp-json\/wp\/v2\/media?parent=1732"}],"curies":[{"name":"wp","href":"https:\/\/api.w.org\/{rel}","templated":true}]}}